{"id":4540,"date":"2019-10-13T17:02:13","date_gmt":"2019-10-13T21:02:13","guid":{"rendered":"https:\/\/dev.onospatremblant.com\/?page_id=4540"},"modified":"2020-11-19T19:55:04","modified_gmt":"2020-11-20T00:55:04","slug":"exfoliation","status":"publish","type":"page","link":"https:\/\/dev.onospatremblant.com\/fr\/soins-du-corps\/exfoliation\/","title":{"rendered":"Exfoliation &#038; Enveloppement"},"content":{"rendered":"[vc_row][vc_column][vc_single_image image=\u00a0\u00bb4716&Prime; img_size=\u00a0\u00bbfull\u00a0\u00bb alignment=\u00a0\u00bbcenter\u00a0\u00bb css=\u00a0\u00bb.vc_custom_1605833688871{padding-top: 80px !important;}\u00a0\u00bb][\/vc_column][\/vc_row][vc_row css=\u00a0\u00bb.vc_custom_1569586964041{padding-top: 90px !important;padding-bottom: 15px !important;}\u00a0\u00bb][vc_column width=\u00a0\u00bb1\/3&Prime;][vc_single_image image=\u00a0\u00bb4247&Prime; img_size=\u00a0\u00bbfull\u00a0\u00bb style=\u00a0\u00bbvc_box_shadow\u00a0\u00bb][\/vc_column][vc_column width=\u00a0\u00bb2\/3&Prime;][vc_custom_heading text=\u00a0\u00bbExfoliation &amp; Enveloppement<br \/>\n100.00 $ le soin\u00a0\u00bb font_container=\u00a0\u00bbtag:p|font_size:20|text_align:left|color:%232d2d2d\u00a0\u00bb google_fonts=\u00a0\u00bbfont_family:Raleway%3A100%2C200%2C300%2Cregular%2C500%2C600%2C700%2C800%2C900|font_style:500%20bold%20regular%3A500%3Anormal\u00a0\u00bb][vc_separator style=\u00a0\u00bbsolid\u00a0\u00bb color=\u00a0\u00bb#494949&Prime;][vc_column_text css=\u00a0\u00bb.vc_custom_1571000178394{padding-bottom: 10px !important;}\u00a0\u00bb]\n<p style=\"text-align: justify;\">L\u2019exfoliation corporelle est un soin sous forme de gommage qui est id\u00e9al pour prendre soin de sa peau. Il permet d\u2019\u00e9liminer la couche sup\u00e9rieure de l\u2019\u00e9piderme, qui prend la forme de peaux mortes et s\u00e8ches, afin de rendre votre peau extra-lisse et de lui donner une teinte plus \u00e9clatante.<\/p>\n[\/vc_column_text][vc_button title=\u00a0\u00bbR\u00c9SERVER\u00a0\u00bb target=\u00a0\u00bb_blank\u00a0\u00bb shape=\u00a0\u00bbrounded\u00a0\u00bb color=\u00a0\u00bbcustom\u00a0\u00bb custom_font_size=\u00a0\u00bb12px\u00a0\u00bb custom_font_weight=\u00a0\u00bb600&Prime; custom_color=\u00a0\u00bb#64c53a\u00a0\u00bb custom_border_color=\u00a0\u00bb#64c53a\u00a0\u00bb custom_text_color_hover=\u00a0\u00bb#64c53a\u00a0\u00bb custom_color_hover=\u00a0\u00bb#e5e5e5&Prime; custom_border_color_hover=\u00a0\u00bb#e2e2e2&Prime; align=\u00a0\u00bbleft\u00a0\u00bb href=\u00a0\u00bbhttps:\/\/dev.onospatremblant.com\/fr\/reservations\/\u00a0\u00bb][\/vc_column][\/vc_row][vc_row content_placement=\u00a0\u00bbmiddle\u00a0\u00bb css=\u00a0\u00bb.vc_custom_1569587976089{padding-bottom: 90px !important;}\u00a0\u00bb][vc_column width=\u00a0\u00bb1\/3&Prime; css=\u00a0\u00bb.vc_custom_1569596873795{padding-top: 50px !important;}\u00a0\u00bb][\/vc_column][vc_column width=\u00a0\u00bb2\/3&Prime; css=\u00a0\u00bb.vc_custom_1569588399750{padding-top: 25px !important;}\u00a0\u00bb][vc_tabs color=\u00a0\u00bbcustom\u00a0\u00bb custom_colored_border=\u00a0\u00bb#64c53a\u00a0\u00bb][vc_tab title=\u00a0\u00bbDescription\u00a0\u00bb tab_id=\u00a0\u00bbfb611039-8277-10&Prime;][vc_single_image image=\u00a0\u00bb4201&Prime; img_size=\u00a0\u00bbfull\u00a0\u00bb css=\u00a0\u00bb.vc_custom_1569597330617{padding-top: 15px !important;padding-bottom: 15px !important;}\u00a0\u00bb][vc_column_text]<strong>Les bienfaits : <\/strong><br \/>\nEnl\u00e8ve les cellules mortes de la peau<br \/>\nD\u00e9bouche les pores<br \/>\nUnifie le teint<br \/>\nStimule la circulation sanguine<br \/>\nStimule la synth\u00e8se du collag\u00e8ne<br \/>\nAm\u00e9liore l&rsquo;absorption d&rsquo;humidit\u00e9<br \/>\nLaisse la peau fra\u00eeche et rajeunie<\/p>\n<p><strong>La description<\/strong><br \/>\nUn gommage abrasif est appliqu\u00e9 sur votre peau gr\u00e2ce \u00e0 un massage afin d\u2019enlever la couche sup\u00e9rieure de la peau terne. Vous pouvez \u00e9galement ajouter des huiles essentielles pour un effet aromatique th\u00e9rapeutique comme la camomille et la lavande pour la d\u00e9tente.<\/p>\n<p>.[\/vc_column_text][\/vc_tab][\/vc_tabs][\/vc_column][\/vc_row]\n","protected":false},"excerpt":{"rendered":"<p>[vc_row][vc_column][vc_single_image image=\u00a0\u00bb4716&Prime; img_size=\u00a0\u00bbfull\u00a0\u00bb alignment=\u00a0\u00bbcenter\u00a0\u00bb css=\u00a0\u00bb.vc_custom_1605833688871{padding-top: 80px !important;}\u00a0\u00bb][\/vc_column][\/vc_row][vc_row css=\u00a0\u00bb.vc_custom_1569586964041{padding-top: 90px !important;padding-bottom: 15px !important;}\u00a0\u00bb][vc_column width=\u00a0\u00bb1\/3&Prime;][vc_single_image image=\u00a0\u00bb4247&Prime; img_size=\u00a0\u00bbfull\u00a0\u00bb style=\u00a0\u00bbvc_box_shadow\u00a0\u00bb][\/vc_column][vc_column width=\u00a0\u00bb2\/3&Prime;][vc_custom_heading text=\u00a0\u00bbExfoliation &amp; Enveloppement 100.00 $ le soin\u00a0\u00bb font_container=\u00a0\u00bbtag:p|font_size:20|text_align:left|color:%232d2d2d\u00a0\u00bb google_fonts=\u00a0\u00bbfont_family:Raleway%3A100%2C200%2C300%2Cregular%2C500%2C600%2C700%2C800%2C900|font_style:500%20bold%20regular%3A500%3Anormal\u00a0\u00bb][vc_separator style=\u00a0\u00bbsolid\u00a0\u00bb color=\u00a0\u00bb#494949&Prime;][vc_column_text css=\u00a0\u00bb.vc_custom_1571000178394{padding-bottom: 10px !important;}\u00a0\u00bb] L\u2019exfoliation corporelle est un soin sous forme de gommage qui est id\u00e9al pour prendre soin de sa peau. Il permet d\u2019\u00e9liminer la couche sup\u00e9rieure&#8230;<\/p>\n","protected":false},"author":2,"featured_media":5757,"parent":4532,"menu_order":0,"comment_status":"closed","ping_status":"closed","template":"page-full.php","meta":{"footnotes":""},"class_list":["post-4540","page","type-page","status-publish","has-post-thumbnail","hentry"],"yoast_head":"<!-- This site is optimized with the Yoast SEO Premium plugin v21.0 (Yoast SEO v27.6) - https:\/\/yoast.com\/product\/yoast-seo-premium-wordpress\/ -->\n<title>Exfoliation &amp; Enveloppement | DEV Ono Spa Tremblant<\/title>\n<meta name=\"robots\" content=\"noindex, follow, max-snippet:-1, max-image-preview:large, max-video-preview:-1\" \/>\n<meta property=\"og:locale\" content=\"fr_FR\" \/>\n<meta property=\"og:type\" content=\"article\" \/>\n<meta property=\"og:title\" content=\"Exfoliation &amp; Enveloppement\" \/>\n<meta property=\"og:description\" content=\"[vc_row][vc_column][vc_single_image image=\u00a0\u00bb4716&Prime; img_size=\u00a0\u00bbfull\u00a0\u00bb alignment=\u00a0\u00bbcenter\u00a0\u00bb css=\u00a0\u00bb.vc_custom_1605833688871{padding-top: 80px !important;}\u00a0\u00bb][\/vc_column][\/vc_row][vc_row css=\u00a0\u00bb.vc_custom_1569586964041{padding-top: 90px !important;padding-bottom: 15px !important;}\u00a0\u00bb][vc_column width=\u00a0\u00bb1\/3&Prime;][vc_single_image image=\u00a0\u00bb4247&Prime; img_size=\u00a0\u00bbfull\u00a0\u00bb style=\u00a0\u00bbvc_box_shadow\u00a0\u00bb][\/vc_column][vc_column width=\u00a0\u00bb2\/3&Prime;][vc_custom_heading text=\u00a0\u00bbExfoliation &amp; Enveloppement 100.00 $ le soin\u00a0\u00bb font_container=\u00a0\u00bbtag:p|font_size:20|text_align:left|color:%232d2d2d\u00a0\u00bb google_fonts=\u00a0\u00bbfont_family:Raleway%3A100%2C200%2C300%2Cregular%2C500%2C600%2C700%2C800%2C900|font_style:500%20bold%20regular%3A500%3Anormal\u00a0\u00bb][vc_separator style=\u00a0\u00bbsolid\u00a0\u00bb color=\u00a0\u00bb#494949&Prime;][vc_column_text css=\u00a0\u00bb.vc_custom_1571000178394{padding-bottom: 10px !important;}\u00a0\u00bb] L\u2019exfoliation corporelle est un soin sous forme de gommage qui est id\u00e9al pour prendre soin de sa peau. Il permet d\u2019\u00e9liminer la couche sup\u00e9rieure...\" \/>\n<meta property=\"og:url\" content=\"https:\/\/dev.onospatremblant.com\/fr\/soins-du-corps\/exfoliation\/\" \/>\n<meta property=\"og:site_name\" content=\"DEV Ono Spa Tremblant\" \/>\n<meta property=\"article:publisher\" content=\"https:\/\/www.facebook.com\/onospatremblant\" \/>\n<meta property=\"article:modified_time\" content=\"2020-11-20T00:55:04+00:00\" \/>\n<meta name=\"twitter:card\" content=\"summary_large_image\" \/>\n<meta name=\"twitter:label1\" content=\"Dur\u00e9e de lecture estim\u00e9e\" \/>\n\t<meta name=\"twitter:data1\" content=\"2 minutes\" \/>\n<script type=\"application\/ld+json\" class=\"yoast-schema-graph\">{\"@context\":\"https:\\\/\\\/schema.org\",\"@graph\":[{\"@type\":\"WebPage\",\"@id\":\"https:\\\/\\\/dev.onospatremblant.com\\\/fr\\\/soins-du-corps\\\/exfoliation\\\/\",\"url\":\"https:\\\/\\\/dev.onospatremblant.com\\\/fr\\\/soins-du-corps\\\/exfoliation\\\/\",\"name\":\"Exfoliation & Enveloppement | DEV Ono Spa Tremblant\",\"isPartOf\":{\"@id\":\"https:\\\/\\\/dev.onospatremblant.com\\\/fr\\\/#website\"},\"primaryImageOfPage\":{\"@id\":\"https:\\\/\\\/dev.onospatremblant.com\\\/fr\\\/soins-du-corps\\\/exfoliation\\\/#primaryimage\"},\"image\":{\"@id\":\"https:\\\/\\\/dev.onospatremblant.com\\\/fr\\\/soins-du-corps\\\/exfoliation\\\/#primaryimage\"},\"thumbnailUrl\":\"https:\\\/\\\/i0.wp.com\\\/dev.onospatremblant.com\\\/wp-content\\\/uploads\\\/2023\\\/06\\\/body-wrap-treatment-jpg.webp?fit=800%2C535&ssl=1\",\"datePublished\":\"2019-10-13T21:02:13+00:00\",\"dateModified\":\"2020-11-20T00:55:04+00:00\",\"breadcrumb\":{\"@id\":\"https:\\\/\\\/dev.onospatremblant.com\\\/fr\\\/soins-du-corps\\\/exfoliation\\\/#breadcrumb\"},\"inLanguage\":\"fr-FR\",\"potentialAction\":[{\"@type\":\"ReadAction\",\"target\":[\"https:\\\/\\\/dev.onospatremblant.com\\\/fr\\\/soins-du-corps\\\/exfoliation\\\/\"]}]},{\"@type\":\"ImageObject\",\"inLanguage\":\"fr-FR\",\"@id\":\"https:\\\/\\\/dev.onospatremblant.com\\\/fr\\\/soins-du-corps\\\/exfoliation\\\/#primaryimage\",\"url\":\"https:\\\/\\\/i0.wp.com\\\/dev.onospatremblant.com\\\/wp-content\\\/uploads\\\/2023\\\/06\\\/body-wrap-treatment-jpg.webp?fit=800%2C535&ssl=1\",\"contentUrl\":\"https:\\\/\\\/i0.wp.com\\\/dev.onospatremblant.com\\\/wp-content\\\/uploads\\\/2023\\\/06\\\/body-wrap-treatment-jpg.webp?fit=800%2C535&ssl=1\",\"width\":800,\"height\":535,\"caption\":\"Woman enjoying a salt scrub massage at spa\"},{\"@type\":\"BreadcrumbList\",\"@id\":\"https:\\\/\\\/dev.onospatremblant.com\\\/fr\\\/soins-du-corps\\\/exfoliation\\\/#breadcrumb\",\"itemListElement\":[{\"@type\":\"ListItem\",\"position\":1,\"name\":\"Home\",\"item\":\"https:\\\/\\\/dev.onospatremblant.com\\\/fr\\\/accueil\\\/\"},{\"@type\":\"ListItem\",\"position\":2,\"name\":\"Soins du Corps\",\"item\":\"https:\\\/\\\/dev.onospatremblant.com\\\/fr\\\/soins-du-corps\\\/\"},{\"@type\":\"ListItem\",\"position\":3,\"name\":\"Exfoliation &#038; Enveloppement\"}]},{\"@type\":\"WebSite\",\"@id\":\"https:\\\/\\\/dev.onospatremblant.com\\\/fr\\\/#website\",\"url\":\"https:\\\/\\\/dev.onospatremblant.com\\\/fr\\\/\",\"name\":\"DEV Ono Spa Tremblant\",\"description\":\"\",\"publisher\":{\"@id\":\"https:\\\/\\\/dev.onospatremblant.com\\\/fr\\\/#organization\"},\"potentialAction\":[{\"@type\":\"SearchAction\",\"target\":{\"@type\":\"EntryPoint\",\"urlTemplate\":\"https:\\\/\\\/dev.onospatremblant.com\\\/fr\\\/?s={search_term_string}\"},\"query-input\":{\"@type\":\"PropertyValueSpecification\",\"valueRequired\":true,\"valueName\":\"search_term_string\"}}],\"inLanguage\":\"fr-FR\"},{\"@type\":\"Organization\",\"@id\":\"https:\\\/\\\/dev.onospatremblant.com\\\/fr\\\/#organization\",\"name\":\"Ono Spa in Mont Tremblant\",\"url\":\"https:\\\/\\\/dev.onospatremblant.com\\\/fr\\\/\",\"logo\":{\"@type\":\"ImageObject\",\"inLanguage\":\"fr-FR\",\"@id\":\"https:\\\/\\\/dev.onospatremblant.com\\\/fr\\\/#\\\/schema\\\/logo\\\/image\\\/\",\"url\":\"https:\\\/\\\/i0.wp.com\\\/onospatremblant.com\\\/wp-content\\\/uploads\\\/2020\\\/08\\\/Ono-Spa_Bel-Air-Tremblant150.png?fit=150%2C98&ssl=1\",\"contentUrl\":\"https:\\\/\\\/i0.wp.com\\\/onospatremblant.com\\\/wp-content\\\/uploads\\\/2020\\\/08\\\/Ono-Spa_Bel-Air-Tremblant150.png?fit=150%2C98&ssl=1\",\"width\":150,\"height\":98,\"caption\":\"Ono Spa in Mont Tremblant\"},\"image\":{\"@id\":\"https:\\\/\\\/dev.onospatremblant.com\\\/fr\\\/#\\\/schema\\\/logo\\\/image\\\/\"},\"sameAs\":[\"https:\\\/\\\/www.facebook.com\\\/onospatremblant\",\"https:\\\/\\\/www.instagram.com\\\/onospa.wellnessbelair\\\/\"]}]}<\/script>\n<!-- \/ Yoast SEO Premium plugin. -->","yoast_head_json":{"title":"Exfoliation & Enveloppement | DEV Ono Spa Tremblant","robots":{"index":"noindex","follow":"follow","max-snippet":"max-snippet:-1","max-image-preview":"max-image-preview:large","max-video-preview":"max-video-preview:-1"},"og_locale":"fr_FR","og_type":"article","og_title":"Exfoliation & Enveloppement","og_description":"[vc_row][vc_column][vc_single_image image=\u00a0\u00bb4716&Prime; img_size=\u00a0\u00bbfull\u00a0\u00bb alignment=\u00a0\u00bbcenter\u00a0\u00bb css=\u00a0\u00bb.vc_custom_1605833688871{padding-top: 80px !important;}\u00a0\u00bb][\/vc_column][\/vc_row][vc_row css=\u00a0\u00bb.vc_custom_1569586964041{padding-top: 90px !important;padding-bottom: 15px !important;}\u00a0\u00bb][vc_column width=\u00a0\u00bb1\/3&Prime;][vc_single_image image=\u00a0\u00bb4247&Prime; img_size=\u00a0\u00bbfull\u00a0\u00bb style=\u00a0\u00bbvc_box_shadow\u00a0\u00bb][\/vc_column][vc_column width=\u00a0\u00bb2\/3&Prime;][vc_custom_heading text=\u00a0\u00bbExfoliation &amp; Enveloppement 100.00 $ le soin\u00a0\u00bb font_container=\u00a0\u00bbtag:p|font_size:20|text_align:left|color:%232d2d2d\u00a0\u00bb google_fonts=\u00a0\u00bbfont_family:Raleway%3A100%2C200%2C300%2Cregular%2C500%2C600%2C700%2C800%2C900|font_style:500%20bold%20regular%3A500%3Anormal\u00a0\u00bb][vc_separator style=\u00a0\u00bbsolid\u00a0\u00bb color=\u00a0\u00bb#494949&Prime;][vc_column_text css=\u00a0\u00bb.vc_custom_1571000178394{padding-bottom: 10px !important;}\u00a0\u00bb] L\u2019exfoliation corporelle est un soin sous forme de gommage qui est id\u00e9al pour prendre soin de sa peau. Il permet d\u2019\u00e9liminer la couche sup\u00e9rieure...","og_url":"https:\/\/dev.onospatremblant.com\/fr\/soins-du-corps\/exfoliation\/","og_site_name":"DEV Ono Spa Tremblant","article_publisher":"https:\/\/www.facebook.com\/onospatremblant","article_modified_time":"2020-11-20T00:55:04+00:00","twitter_card":"summary_large_image","twitter_misc":{"Dur\u00e9e de lecture estim\u00e9e":"2 minutes"},"schema":{"@context":"https:\/\/schema.org","@graph":[{"@type":"WebPage","@id":"https:\/\/dev.onospatremblant.com\/fr\/soins-du-corps\/exfoliation\/","url":"https:\/\/dev.onospatremblant.com\/fr\/soins-du-corps\/exfoliation\/","name":"Exfoliation & Enveloppement | DEV Ono Spa Tremblant","isPartOf":{"@id":"https:\/\/dev.onospatremblant.com\/fr\/#website"},"primaryImageOfPage":{"@id":"https:\/\/dev.onospatremblant.com\/fr\/soins-du-corps\/exfoliation\/#primaryimage"},"image":{"@id":"https:\/\/dev.onospatremblant.com\/fr\/soins-du-corps\/exfoliation\/#primaryimage"},"thumbnailUrl":"https:\/\/i0.wp.com\/dev.onospatremblant.com\/wp-content\/uploads\/2023\/06\/body-wrap-treatment-jpg.webp?fit=800%2C535&ssl=1","datePublished":"2019-10-13T21:02:13+00:00","dateModified":"2020-11-20T00:55:04+00:00","breadcrumb":{"@id":"https:\/\/dev.onospatremblant.com\/fr\/soins-du-corps\/exfoliation\/#breadcrumb"},"inLanguage":"fr-FR","potentialAction":[{"@type":"ReadAction","target":["https:\/\/dev.onospatremblant.com\/fr\/soins-du-corps\/exfoliation\/"]}]},{"@type":"ImageObject","inLanguage":"fr-FR","@id":"https:\/\/dev.onospatremblant.com\/fr\/soins-du-corps\/exfoliation\/#primaryimage","url":"https:\/\/i0.wp.com\/dev.onospatremblant.com\/wp-content\/uploads\/2023\/06\/body-wrap-treatment-jpg.webp?fit=800%2C535&ssl=1","contentUrl":"https:\/\/i0.wp.com\/dev.onospatremblant.com\/wp-content\/uploads\/2023\/06\/body-wrap-treatment-jpg.webp?fit=800%2C535&ssl=1","width":800,"height":535,"caption":"Woman enjoying a salt scrub massage at spa"},{"@type":"BreadcrumbList","@id":"https:\/\/dev.onospatremblant.com\/fr\/soins-du-corps\/exfoliation\/#breadcrumb","itemListElement":[{"@type":"ListItem","position":1,"name":"Home","item":"https:\/\/dev.onospatremblant.com\/fr\/accueil\/"},{"@type":"ListItem","position":2,"name":"Soins du Corps","item":"https:\/\/dev.onospatremblant.com\/fr\/soins-du-corps\/"},{"@type":"ListItem","position":3,"name":"Exfoliation &#038; Enveloppement"}]},{"@type":"WebSite","@id":"https:\/\/dev.onospatremblant.com\/fr\/#website","url":"https:\/\/dev.onospatremblant.com\/fr\/","name":"DEV Ono Spa Tremblant","description":"","publisher":{"@id":"https:\/\/dev.onospatremblant.com\/fr\/#organization"},"potentialAction":[{"@type":"SearchAction","target":{"@type":"EntryPoint","urlTemplate":"https:\/\/dev.onospatremblant.com\/fr\/?s={search_term_string}"},"query-input":{"@type":"PropertyValueSpecification","valueRequired":true,"valueName":"search_term_string"}}],"inLanguage":"fr-FR"},{"@type":"Organization","@id":"https:\/\/dev.onospatremblant.com\/fr\/#organization","name":"Ono Spa in Mont Tremblant","url":"https:\/\/dev.onospatremblant.com\/fr\/","logo":{"@type":"ImageObject","inLanguage":"fr-FR","@id":"https:\/\/dev.onospatremblant.com\/fr\/#\/schema\/logo\/image\/","url":"https:\/\/i0.wp.com\/onospatremblant.com\/wp-content\/uploads\/2020\/08\/Ono-Spa_Bel-Air-Tremblant150.png?fit=150%2C98&ssl=1","contentUrl":"https:\/\/i0.wp.com\/onospatremblant.com\/wp-content\/uploads\/2020\/08\/Ono-Spa_Bel-Air-Tremblant150.png?fit=150%2C98&ssl=1","width":150,"height":98,"caption":"Ono Spa in Mont Tremblant"},"image":{"@id":"https:\/\/dev.onospatremblant.com\/fr\/#\/schema\/logo\/image\/"},"sameAs":["https:\/\/www.facebook.com\/onospatremblant","https:\/\/www.instagram.com\/onospa.wellnessbelair\/"]}]}},"jetpack_sharing_enabled":true,"_links":{"self":[{"href":"https:\/\/dev.onospatremblant.com\/fr\/wp-json\/wp\/v2\/pages\/4540","targetHints":{"allow":["GET"]}}],"collection":[{"href":"https:\/\/dev.onospatremblant.com\/fr\/wp-json\/wp\/v2\/pages"}],"about":[{"href":"https:\/\/dev.onospatremblant.com\/fr\/wp-json\/wp\/v2\/types\/page"}],"author":[{"embeddable":true,"href":"https:\/\/dev.onospatremblant.com\/fr\/wp-json\/wp\/v2\/users\/2"}],"replies":[{"embeddable":true,"href":"https:\/\/dev.onospatremblant.com\/fr\/wp-json\/wp\/v2\/comments?post=4540"}],"version-history":[{"count":6,"href":"https:\/\/dev.onospatremblant.com\/fr\/wp-json\/wp\/v2\/pages\/4540\/revisions"}],"predecessor-version":[{"id":4718,"href":"https:\/\/dev.onospatremblant.com\/fr\/wp-json\/wp\/v2\/pages\/4540\/revisions\/4718"}],"up":[{"embeddable":true,"href":"https:\/\/dev.onospatremblant.com\/fr\/wp-json\/wp\/v2\/pages\/4532"}],"wp:featuredmedia":[{"embeddable":true,"href":"https:\/\/dev.onospatremblant.com\/fr\/wp-json\/wp\/v2\/media\/5757"}],"wp:attachment":[{"href":"https:\/\/dev.onospatremblant.com\/fr\/wp-json\/wp\/v2\/media?parent=4540"}],"curies":[{"name":"wp","href":"https:\/\/api.w.org\/{rel}","templated":true}]}}