{"id":4560,"date":"2019-10-13T17:25:20","date_gmt":"2019-10-13T21:25:20","guid":{"rendered":"https:\/\/dev.onospatremblant.com\/?page_id=4560"},"modified":"2023-06-25T15:31:07","modified_gmt":"2023-06-25T19:31:07","slug":"facial-standard","status":"publish","type":"page","link":"https:\/\/dev.onospatremblant.com\/fr\/soins-du-visage\/facial-standard\/","title":{"rendered":"Sain du Visage Decouverte"},"content":{"rendered":"[vc_row css=\u00a0\u00bb.vc_custom_1656987467586{padding-top: 30px !important;padding-bottom: 15px !important;}\u00a0\u00bb][vc_column width=\u00a0\u00bb1\/6&Prime;][\/vc_column][vc_column width=\u00a0\u00bb2\/3&Prime;][vc_row_inner content_placement=\u00a0\u00bbmiddle\u00a0\u00bb gap=\u00a0\u00bb15&Prime;][vc_column_inner width=\u00a0\u00bb1\/2&Prime;][vc_single_image image=\u00a0\u00bb5036&Prime; img_size=\u00a0\u00bbfull\u00a0\u00bb style=\u00a0\u00bbvc_box_shadow_3d\u00a0\u00bb][\/vc_column_inner][vc_column_inner width=\u00a0\u00bb1\/2&Prime;][vc_single_image image=\u00a0\u00bb4201&Prime; img_size=\u00a0\u00bbfull\u00a0\u00bb css=\u00a0\u00bb.vc_custom_1657589025092{padding-bottom: 15px !important;}\u00a0\u00bb][vc_column_text css=\u00a0\u00bb.vc_custom_1686670304896{padding-bottom: 10px !important;}\u00a0\u00bb]<strong><span style=\"font-size: 20px;\">Soin du Visage Decouverte<\/span><\/strong>[\/vc_column_text][vc_separator style=\u00a0\u00bbsolid\u00a0\u00bb color=\u00a0\u00bb#22c800&Prime; padding_bottom=\u00a0\u00bb20&Prime;][vc_column_text css=\u00a0\u00bb.vc_custom_1686670371327{padding-bottom: 10px !important;}\u00a0\u00bb]<span style=\"font-size: 16px;\"><span style=\"font-family: arial,helvetica,sans-serif;\"><span style=\"font-size: 16px;\">50 minutes&#8230;119$ \u00a0\u00a0<\/span><\/span><\/span><br \/>\n<em><span style=\"font-size: 14px;\">*Plus Taxes <\/span><\/em>[\/vc_column_text][vc_button title=\u00a0\u00bbR\u00c9SERVEX SOIN DU VISAGE\u00a0\u00bb target=\u00a0\u00bb_blank\u00a0\u00bb shape=\u00a0\u00bbrounded\u00a0\u00bb color=\u00a0\u00bbcustom\u00a0\u00bb custom_font_size=\u00a0\u00bb12px\u00a0\u00bb custom_font_weight=\u00a0\u00bb600&Prime; custom_color=\u00a0\u00bb#64c53a\u00a0\u00bb custom_border_color=\u00a0\u00bb#64c53a\u00a0\u00bb custom_text_color_hover=\u00a0\u00bb#64c53a\u00a0\u00bb custom_color_hover=\u00a0\u00bb#e5e5e5&Prime; custom_border_color_hover=\u00a0\u00bb#e2e2e2&Prime; align=\u00a0\u00bbleft\u00a0\u00bb href=\u00a0\u00bbhttps:%2F%2Fdev.onospatremblant.com%2Fappointments%2F|\u00a0\u00bb][\/vc_column_inner][\/vc_row_inner][\/vc_column][vc_column width=\u00a0\u00bb1\/6&Prime;][\/vc_column][\/vc_row][vc_row content_placement=\u00a0\u00bbmiddle\u00a0\u00bb css=\u00a0\u00bb.vc_custom_1569587976089{padding-bottom: 90px !important;}\u00a0\u00bb][vc_column width=\u00a0\u00bb1\/6&Prime; css=\u00a0\u00bb.vc_custom_1569596873795{padding-top: 50px !important;}\u00a0\u00bb][\/vc_column][vc_column width=\u00a0\u00bb2\/3&Prime; css=\u00a0\u00bb.vc_custom_1569588399750{padding-top: 25px !important;}\u00a0\u00bb][vc_tabs color=\u00a0\u00bbcustom\u00a0\u00bb custom_colored_border=\u00a0\u00bb#64c53a\u00a0\u00bb][vc_tab title=\u00a0\u00bbDescription\u00a0\u00bb tab_id=\u00a0\u00bbfb611039-8277-10&Prime;][vc_column_text css=\u00a0\u00bb.vc_custom_1686670790392{padding-bottom: 10px !important;}\u00a0\u00bb]\n<p style=\"text-align: justify;\">Ce soin du visage D\u00e9couverte est adapt\u00e9 aux besoins du client. Nous utilisons des produits de soins de la peau biologiques de luxe Vagheggi qui ont \u00e9t\u00e9 s\u00e9lectionn\u00e9s par notre professionnel des soins de la peau. Ce soin du visage comprendra g\u00e9n\u00e9ralement un nettoyage en douceur de la peau, une exfoliation, suivi d&rsquo;un massage revigorant du visage, du cou et de la t\u00eate et laissera votre peau hydrat\u00e9e, rajeunie et radieuse.<\/p>\n<p><strong>Avantages<\/strong><br \/>\nNettoie en profondeur<br \/>\nNettoyer les pores<br \/>\nRenouveler la peau<br \/>\nD\u00e9tente et rajeunissement<br \/>\nAugmenter la circulation[\/vc_column_text][\/vc_tab][\/vc_tabs][\/vc_column][vc_column width=\u00a0\u00bb1\/6&Prime;][\/vc_column][\/vc_row][vc_row css=\u00a0\u00bb.vc_custom_1656970595856{padding-bottom: 70px !important;}\u00a0\u00bb][vc_column width=\u00a0\u00bb1\/6&Prime;][\/vc_column][vc_column width=\u00a0\u00bb2\/3&Prime;][vc_custom_heading text=\u00a0\u00bbAUTRES SERVICES\u00a0\u00bb font_container=\u00a0\u00bbtag:p|font_size:20|text_align:center|color:%232d2d2d\u00a0\u00bb google_fonts=\u00a0\u00bbfont_family:Raleway%3A100%2C200%2C300%2Cregular%2C500%2C600%2C700%2C800%2C900|font_style:500%20bold%20regular%3A500%3Anormal\u00a0\u00bb]<style type=\"text\/css\" scoped=\"scoped\">.portfolio_scope_1.portfolio-tabs {margin-bottom:20px;}.portfolio_scope_1.portfolio-tabs li.active a{color:#ffffff;}.portfolio_scope_1.portfolio-tabs li.active a{border-color:#ffffff; background-color:transparent;}.portfolio_scope_1.portfolio-tabs li a{padding-left: 0; padding-right: 0; margin-left: 1rem; margin-right: 1rem; text-transform: uppercase}.portfolio_scope_1.portfolio-tabs a:hover{background-color:transparent;}.portfolio_scope_1.portfolio-tabs li a{color:#9b9b9b;}.portfolio_scope_1 figure.effect-zoe figcaption {background-color:#474747;}.portfolio_scope_1 figure.effect-zoe h3 a {color:#ffffff;}.portfolio_scope_1 figure.effect-zoe h3 {font-size:13; line-height:1;text-transform:none;}.portfolio_scope_1 figure .portfolio_date {color:#777777;font-size:13px;}.portfolio_scope_1 figure .effect-overlay .zoomin, .portfolio_scope_1 figure .effect-overlay .launch {border-color:#ffffff;}.portfolio_scope_1 figure .effect-overlay a {color:#ffffff;}.portfolio_scope_1 figure .effect-overlay {background-color:;}<\/style><div id=\"content\" class=\" portfolio-three\"><div class=\"portfolio-wrapper portfolio_default grid-layout  below portfolio_scope_1\" masonry-effect=\"\"><figure class=\"effect-zoe cols-3 facial  relative cr-portfolio-margin overflow-hidden m-2 box-border text-center\"><div class=\"figure_image_holder relative\"><img width=\"381\" height=\"285\" class=\"attachment-portfolio-three size-portfolio-three wp-post-image\" alt=\"spa facial treatment\" sizes=\"(max-width: 381px) 100vw, 381px\" data-src=\"https:\/\/i0.wp.com\/dev.onospatremblant.com\/wp-content\/uploads\/2023\/06\/yon-ka-facials-03-jpg.webp?resize=381%2C285&amp;ssl=1\" data-srcset=\"https:\/\/i0.wp.com\/dev.onospatremblant.com\/wp-content\/uploads\/2023\/06\/yon-ka-facials-03-jpg.webp?resize=381%2C285&amp;ssl=1 381w, https:\/\/i0.wp.com\/dev.onospatremblant.com\/wp-content\/uploads\/2023\/06\/yon-ka-facials-03-jpg.webp?zoom=2&amp;resize=381%2C285&amp;ssl=1 762w\" \/><div class=\"effect-overlay bg-black bg-opacity-75 absolute flex justify-center items-center w-full h-full opacity-0 top-0 transtion-opacity duration-300 ease-in-out\"><div class=\"zoomin -mt-12 opacity-0 transition-all duration-500 w-10 h-10 bg-transparent border rounded-full leading-10 text-base text-white text-center\"><a href=\"https:\/\/i0.wp.com\/dev.onospatremblant.com\/wp-content\/uploads\/2023\/06\/yon-ka-facials-03-jpg.webp?fit=800%2C533&ssl=1\" class=\"magnific_popup_gallery\"><i class=\"fa fa-search\"><\/i><\/a><\/div><div class=\"launch mt-12 ml-1 opacity-0 transition-all duration-500 w-10 h-10 bg-transparent border rounded-full leading-10 text-base text-white text-center\"><a href=\"https:\/\/dev.onospatremblant.com\/facials\/anti-aging-facial\/\" target=\"_blank\"><i class=\"fa fa-link\"><\/i><\/a><\/div><\/div><\/div><figcaption class=\"relative w-full left-0 py-4 top-auto bg-green-400 text-gray-800 transition-transform duration-300 uppercase text-lg\"><h3 class=\"text-base font-semibold uppercase leading-normal mb-0\"><a href=\"https:\/\/dev.onospatremblant.com\/facials\/anti-aging-facial\/\" target=\"_blank\" class=\"block\">Luxury Anti-Ageing Facial<\/a><\/h3><\/figcaption><\/figure><figure class=\"effect-zoe cols-3 facial  relative cr-portfolio-margin overflow-hidden m-2 box-border text-center\"><div class=\"figure_image_holder relative\"><img width=\"381\" height=\"285\" class=\"attachment-portfolio-three size-portfolio-three wp-post-image\" alt=\"spa in Mont Tremblant\" sizes=\"(max-width: 381px) 100vw, 381px\" data-src=\"https:\/\/i0.wp.com\/dev.onospatremblant.com\/wp-content\/uploads\/2023\/06\/specific-medic-facial-tremblant-jpg.webp?resize=381%2C285&amp;ssl=1\" data-srcset=\"https:\/\/i0.wp.com\/dev.onospatremblant.com\/wp-content\/uploads\/2023\/06\/specific-medic-facial-tremblant-jpg.webp?resize=381%2C285&amp;ssl=1 381w, https:\/\/i0.wp.com\/dev.onospatremblant.com\/wp-content\/uploads\/2023\/06\/specific-medic-facial-tremblant-jpg.webp?zoom=2&amp;resize=381%2C285&amp;ssl=1 762w\" \/><div class=\"effect-overlay bg-black bg-opacity-75 absolute flex justify-center items-center w-full h-full opacity-0 top-0 transtion-opacity duration-300 ease-in-out\"><div class=\"zoomin -mt-12 opacity-0 transition-all duration-500 w-10 h-10 bg-transparent border rounded-full leading-10 text-base text-white text-center\"><a href=\"https:\/\/i0.wp.com\/dev.onospatremblant.com\/wp-content\/uploads\/2023\/06\/specific-medic-facial-tremblant-jpg.webp?fit=800%2C533&ssl=1\" class=\"magnific_popup_gallery\"><i class=\"fa fa-search\"><\/i><\/a><\/div><div class=\"launch mt-12 ml-1 opacity-0 transition-all duration-500 w-10 h-10 bg-transparent border rounded-full leading-10 text-base text-white text-center\"><a href=\"https:\/\/dev.onospatremblant.com\/facials\/specific-medic-facial\/\" target=\"_blank\"><i class=\"fa fa-link\"><\/i><\/a><\/div><\/div><\/div><figcaption class=\"relative w-full left-0 py-4 top-auto bg-green-400 text-gray-800 transition-transform duration-300 uppercase text-lg\"><h3 class=\"text-base font-semibold uppercase leading-normal mb-0\"><a href=\"https:\/\/dev.onospatremblant.com\/facials\/specific-medic-facial\/\" target=\"_blank\" class=\"block\">Specific Facial<\/a><\/h3><\/figcaption><\/figure><\/div><\/div>[\/vc_column][vc_column width=\u00a0\u00bb1\/6&Prime;][\/vc_column][\/vc_row]\n","protected":false},"excerpt":{"rendered":"<p>[vc_row css=\u00a0\u00bb.vc_custom_1656987467586{padding-top: 30px !important;padding-bottom: 15px !important;}\u00a0\u00bb][vc_column width=\u00a0\u00bb1\/6&Prime;][\/vc_column][vc_column width=\u00a0\u00bb2\/3&Prime;][vc_row_inner content_placement=\u00a0\u00bbmiddle\u00a0\u00bb gap=\u00a0\u00bb15&Prime;][vc_column_inner width=\u00a0\u00bb1\/2&Prime;][vc_single_image image=\u00a0\u00bb5036&Prime; img_size=\u00a0\u00bbfull\u00a0\u00bb style=\u00a0\u00bbvc_box_shadow_3d\u00a0\u00bb][\/vc_column_inner][vc_column_inner width=\u00a0\u00bb1\/2&Prime;][vc_single_image image=\u00a0\u00bb4201&Prime; img_size=\u00a0\u00bbfull\u00a0\u00bb css=\u00a0\u00bb.vc_custom_1657589025092{padding-bottom: 15px !important;}\u00a0\u00bb][vc_column_text css=\u00a0\u00bb.vc_custom_1686670304896{padding-bottom: 10px !important;}\u00a0\u00bb]Soin du Visage Decouverte[\/vc_column_text][vc_separator style=\u00a0\u00bbsolid\u00a0\u00bb color=\u00a0\u00bb#22c800&Prime; padding_bottom=\u00a0\u00bb20&Prime;][vc_column_text css=\u00a0\u00bb.vc_custom_1686670371327{padding-bottom: 10px !important;}\u00a0\u00bb]50 minutes&#8230;119$ \u00a0\u00a0 *Plus Taxes [\/vc_column_text][vc_button title=\u00a0\u00bbR\u00c9SERVEX SOIN DU VISAGE\u00a0\u00bb target=\u00a0\u00bb_blank\u00a0\u00bb shape=\u00a0\u00bbrounded\u00a0\u00bb color=\u00a0\u00bbcustom\u00a0\u00bb custom_font_size=\u00a0\u00bb12px\u00a0\u00bb custom_font_weight=\u00a0\u00bb600&Prime; custom_color=\u00a0\u00bb#64c53a\u00a0\u00bb custom_border_color=\u00a0\u00bb#64c53a\u00a0\u00bb custom_text_color_hover=\u00a0\u00bb#64c53a\u00a0\u00bb custom_color_hover=\u00a0\u00bb#e5e5e5&Prime; custom_border_color_hover=\u00a0\u00bb#e2e2e2&Prime; align=\u00a0\u00bbleft\u00a0\u00bb href=\u00a0\u00bbhttps:%2F%2Fdev.onospatremblant.com%2Fappointments%2F|\u00a0\u00bb][\/vc_column_inner][\/vc_row_inner][\/vc_column][vc_column width=\u00a0\u00bb1\/6&Prime;][\/vc_column][\/vc_row][vc_row content_placement=\u00a0\u00bbmiddle\u00a0\u00bb&#8230;<\/p>\n","protected":false},"author":2,"featured_media":5036,"parent":4553,"menu_order":0,"comment_status":"closed","ping_status":"closed","template":"page-full.php","meta":{"footnotes":""},"class_list":["post-4560","page","type-page","status-publish","has-post-thumbnail","hentry"],"yoast_head":"<!-- This site is optimized with the Yoast SEO Premium plugin v21.0 (Yoast SEO v27.6) - https:\/\/yoast.com\/product\/yoast-seo-premium-wordpress\/ -->\n<title>Sain du Visage Decouverte | DEV Ono Spa Tremblant<\/title>\n<meta name=\"robots\" content=\"noindex, follow, max-snippet:-1, max-image-preview:large, max-video-preview:-1\" \/>\n<meta property=\"og:locale\" content=\"fr_FR\" \/>\n<meta property=\"og:type\" content=\"article\" \/>\n<meta property=\"og:title\" content=\"Sain du Visage Decouverte\" \/>\n<meta property=\"og:description\" content=\"[vc_row css=\u00a0\u00bb.vc_custom_1656987467586{padding-top: 30px !important;padding-bottom: 15px !important;}\u00a0\u00bb][vc_column width=\u00a0\u00bb1\/6&Prime;][\/vc_column][vc_column width=\u00a0\u00bb2\/3&Prime;][vc_row_inner content_placement=\u00a0\u00bbmiddle\u00a0\u00bb gap=\u00a0\u00bb15&Prime;][vc_column_inner width=\u00a0\u00bb1\/2&Prime;][vc_single_image image=\u00a0\u00bb5036&Prime; img_size=\u00a0\u00bbfull\u00a0\u00bb style=\u00a0\u00bbvc_box_shadow_3d\u00a0\u00bb][\/vc_column_inner][vc_column_inner width=\u00a0\u00bb1\/2&Prime;][vc_single_image image=\u00a0\u00bb4201&Prime; img_size=\u00a0\u00bbfull\u00a0\u00bb css=\u00a0\u00bb.vc_custom_1657589025092{padding-bottom: 15px !important;}\u00a0\u00bb][vc_column_text css=\u00a0\u00bb.vc_custom_1686670304896{padding-bottom: 10px !important;}\u00a0\u00bb]Soin du Visage Decouverte[\/vc_column_text][vc_separator style=\u00a0\u00bbsolid\u00a0\u00bb color=\u00a0\u00bb#22c800&Prime; padding_bottom=\u00a0\u00bb20&Prime;][vc_column_text css=\u00a0\u00bb.vc_custom_1686670371327{padding-bottom: 10px !important;}\u00a0\u00bb]50 minutes&#8230;119$ \u00a0\u00a0 *Plus Taxes [\/vc_column_text][vc_button title=\u00a0\u00bbR\u00c9SERVEX SOIN DU VISAGE\u00a0\u00bb target=\u00a0\u00bb_blank\u00a0\u00bb shape=\u00a0\u00bbrounded\u00a0\u00bb color=\u00a0\u00bbcustom\u00a0\u00bb custom_font_size=\u00a0\u00bb12px\u00a0\u00bb custom_font_weight=\u00a0\u00bb600&Prime; custom_color=\u00a0\u00bb#64c53a\u00a0\u00bb custom_border_color=\u00a0\u00bb#64c53a\u00a0\u00bb custom_text_color_hover=\u00a0\u00bb#64c53a\u00a0\u00bb custom_color_hover=\u00a0\u00bb#e5e5e5&Prime; custom_border_color_hover=\u00a0\u00bb#e2e2e2&Prime; align=\u00a0\u00bbleft\u00a0\u00bb href=\u00a0\u00bbhttps:%2F%2Fdev.onospatremblant.com%2Fappointments%2F|\u00a0\u00bb][\/vc_column_inner][\/vc_row_inner][\/vc_column][vc_column width=\u00a0\u00bb1\/6&Prime;][\/vc_column][\/vc_row][vc_row content_placement=\u00a0\u00bbmiddle\u00a0\u00bb...\" \/>\n<meta property=\"og:url\" content=\"https:\/\/dev.onospatremblant.com\/fr\/soins-du-visage\/facial-standard\/\" \/>\n<meta property=\"og:site_name\" content=\"DEV Ono Spa Tremblant\" \/>\n<meta property=\"article:publisher\" content=\"https:\/\/www.facebook.com\/onospatremblant\" \/>\n<meta property=\"article:modified_time\" content=\"2023-06-25T19:31:07+00:00\" \/>\n<meta property=\"og:image\" content=\"https:\/\/dev.onospatremblant.com\/wp-content\/uploads\/2022\/07\/CAD_HP_SpaFacial_5.jpg\" \/>\n\t<meta property=\"og:image:width\" content=\"1200\" \/>\n\t<meta property=\"og:image:height\" content=\"800\" \/>\n\t<meta property=\"og:image:type\" content=\"image\/jpeg\" \/>\n<meta name=\"twitter:card\" content=\"summary_large_image\" \/>\n<meta name=\"twitter:label1\" content=\"Dur\u00e9e de lecture estim\u00e9e\" \/>\n\t<meta name=\"twitter:data1\" content=\"2 minutes\" \/>\n<script type=\"application\/ld+json\" class=\"yoast-schema-graph\">{\"@context\":\"https:\\\/\\\/schema.org\",\"@graph\":[{\"@type\":\"WebPage\",\"@id\":\"https:\\\/\\\/dev.onospatremblant.com\\\/fr\\\/soins-du-visage\\\/facial-standard\\\/\",\"url\":\"https:\\\/\\\/dev.onospatremblant.com\\\/fr\\\/soins-du-visage\\\/facial-standard\\\/\",\"name\":\"Sain du Visage Decouverte | DEV Ono Spa Tremblant\",\"isPartOf\":{\"@id\":\"https:\\\/\\\/dev.onospatremblant.com\\\/fr\\\/#website\"},\"primaryImageOfPage\":{\"@id\":\"https:\\\/\\\/dev.onospatremblant.com\\\/fr\\\/soins-du-visage\\\/facial-standard\\\/#primaryimage\"},\"image\":{\"@id\":\"https:\\\/\\\/dev.onospatremblant.com\\\/fr\\\/soins-du-visage\\\/facial-standard\\\/#primaryimage\"},\"thumbnailUrl\":\"https:\\\/\\\/i0.wp.com\\\/dev.onospatremblant.com\\\/wp-content\\\/uploads\\\/2022\\\/07\\\/CAD_HP_SpaFacial_5.jpg?fit=1200%2C800&ssl=1\",\"datePublished\":\"2019-10-13T21:25:20+00:00\",\"dateModified\":\"2023-06-25T19:31:07+00:00\",\"breadcrumb\":{\"@id\":\"https:\\\/\\\/dev.onospatremblant.com\\\/fr\\\/soins-du-visage\\\/facial-standard\\\/#breadcrumb\"},\"inLanguage\":\"fr-FR\",\"potentialAction\":[{\"@type\":\"ReadAction\",\"target\":[\"https:\\\/\\\/dev.onospatremblant.com\\\/fr\\\/soins-du-visage\\\/facial-standard\\\/\"]}]},{\"@type\":\"ImageObject\",\"inLanguage\":\"fr-FR\",\"@id\":\"https:\\\/\\\/dev.onospatremblant.com\\\/fr\\\/soins-du-visage\\\/facial-standard\\\/#primaryimage\",\"url\":\"https:\\\/\\\/i0.wp.com\\\/dev.onospatremblant.com\\\/wp-content\\\/uploads\\\/2022\\\/07\\\/CAD_HP_SpaFacial_5.jpg?fit=1200%2C800&ssl=1\",\"contentUrl\":\"https:\\\/\\\/i0.wp.com\\\/dev.onospatremblant.com\\\/wp-content\\\/uploads\\\/2022\\\/07\\\/CAD_HP_SpaFacial_5.jpg?fit=1200%2C800&ssl=1\",\"width\":1200,\"height\":800,\"caption\":\"Soin du Visage Classique\"},{\"@type\":\"BreadcrumbList\",\"@id\":\"https:\\\/\\\/dev.onospatremblant.com\\\/fr\\\/soins-du-visage\\\/facial-standard\\\/#breadcrumb\",\"itemListElement\":[{\"@type\":\"ListItem\",\"position\":1,\"name\":\"Home\",\"item\":\"https:\\\/\\\/dev.onospatremblant.com\\\/fr\\\/accueil\\\/\"},{\"@type\":\"ListItem\",\"position\":2,\"name\":\"Soins du visage\",\"item\":\"https:\\\/\\\/dev.onospatremblant.com\\\/fr\\\/soins-du-visage\\\/\"},{\"@type\":\"ListItem\",\"position\":3,\"name\":\"Sain du Visage Decouverte\"}]},{\"@type\":\"WebSite\",\"@id\":\"https:\\\/\\\/dev.onospatremblant.com\\\/fr\\\/#website\",\"url\":\"https:\\\/\\\/dev.onospatremblant.com\\\/fr\\\/\",\"name\":\"DEV Ono Spa Tremblant\",\"description\":\"\",\"publisher\":{\"@id\":\"https:\\\/\\\/dev.onospatremblant.com\\\/fr\\\/#organization\"},\"potentialAction\":[{\"@type\":\"SearchAction\",\"target\":{\"@type\":\"EntryPoint\",\"urlTemplate\":\"https:\\\/\\\/dev.onospatremblant.com\\\/fr\\\/?s={search_term_string}\"},\"query-input\":{\"@type\":\"PropertyValueSpecification\",\"valueRequired\":true,\"valueName\":\"search_term_string\"}}],\"inLanguage\":\"fr-FR\"},{\"@type\":\"Organization\",\"@id\":\"https:\\\/\\\/dev.onospatremblant.com\\\/fr\\\/#organization\",\"name\":\"Ono Spa in Mont Tremblant\",\"url\":\"https:\\\/\\\/dev.onospatremblant.com\\\/fr\\\/\",\"logo\":{\"@type\":\"ImageObject\",\"inLanguage\":\"fr-FR\",\"@id\":\"https:\\\/\\\/dev.onospatremblant.com\\\/fr\\\/#\\\/schema\\\/logo\\\/image\\\/\",\"url\":\"https:\\\/\\\/i0.wp.com\\\/onospatremblant.com\\\/wp-content\\\/uploads\\\/2020\\\/08\\\/Ono-Spa_Bel-Air-Tremblant150.png?fit=150%2C98&ssl=1\",\"contentUrl\":\"https:\\\/\\\/i0.wp.com\\\/onospatremblant.com\\\/wp-content\\\/uploads\\\/2020\\\/08\\\/Ono-Spa_Bel-Air-Tremblant150.png?fit=150%2C98&ssl=1\",\"width\":150,\"height\":98,\"caption\":\"Ono Spa in Mont Tremblant\"},\"image\":{\"@id\":\"https:\\\/\\\/dev.onospatremblant.com\\\/fr\\\/#\\\/schema\\\/logo\\\/image\\\/\"},\"sameAs\":[\"https:\\\/\\\/www.facebook.com\\\/onospatremblant\",\"https:\\\/\\\/www.instagram.com\\\/onospa.wellnessbelair\\\/\"]}]}<\/script>\n<!-- \/ Yoast SEO Premium plugin. -->","yoast_head_json":{"title":"Sain du Visage Decouverte | DEV Ono Spa Tremblant","robots":{"index":"noindex","follow":"follow","max-snippet":"max-snippet:-1","max-image-preview":"max-image-preview:large","max-video-preview":"max-video-preview:-1"},"og_locale":"fr_FR","og_type":"article","og_title":"Sain du Visage Decouverte","og_description":"[vc_row css=\u00a0\u00bb.vc_custom_1656987467586{padding-top: 30px !important;padding-bottom: 15px !important;}\u00a0\u00bb][vc_column width=\u00a0\u00bb1\/6&Prime;][\/vc_column][vc_column width=\u00a0\u00bb2\/3&Prime;][vc_row_inner content_placement=\u00a0\u00bbmiddle\u00a0\u00bb gap=\u00a0\u00bb15&Prime;][vc_column_inner width=\u00a0\u00bb1\/2&Prime;][vc_single_image image=\u00a0\u00bb5036&Prime; img_size=\u00a0\u00bbfull\u00a0\u00bb style=\u00a0\u00bbvc_box_shadow_3d\u00a0\u00bb][\/vc_column_inner][vc_column_inner width=\u00a0\u00bb1\/2&Prime;][vc_single_image image=\u00a0\u00bb4201&Prime; img_size=\u00a0\u00bbfull\u00a0\u00bb css=\u00a0\u00bb.vc_custom_1657589025092{padding-bottom: 15px !important;}\u00a0\u00bb][vc_column_text css=\u00a0\u00bb.vc_custom_1686670304896{padding-bottom: 10px !important;}\u00a0\u00bb]Soin du Visage Decouverte[\/vc_column_text][vc_separator style=\u00a0\u00bbsolid\u00a0\u00bb color=\u00a0\u00bb#22c800&Prime; padding_bottom=\u00a0\u00bb20&Prime;][vc_column_text css=\u00a0\u00bb.vc_custom_1686670371327{padding-bottom: 10px !important;}\u00a0\u00bb]50 minutes&#8230;119$ \u00a0\u00a0 *Plus Taxes [\/vc_column_text][vc_button title=\u00a0\u00bbR\u00c9SERVEX SOIN DU VISAGE\u00a0\u00bb target=\u00a0\u00bb_blank\u00a0\u00bb shape=\u00a0\u00bbrounded\u00a0\u00bb color=\u00a0\u00bbcustom\u00a0\u00bb custom_font_size=\u00a0\u00bb12px\u00a0\u00bb custom_font_weight=\u00a0\u00bb600&Prime; custom_color=\u00a0\u00bb#64c53a\u00a0\u00bb custom_border_color=\u00a0\u00bb#64c53a\u00a0\u00bb custom_text_color_hover=\u00a0\u00bb#64c53a\u00a0\u00bb custom_color_hover=\u00a0\u00bb#e5e5e5&Prime; custom_border_color_hover=\u00a0\u00bb#e2e2e2&Prime; align=\u00a0\u00bbleft\u00a0\u00bb href=\u00a0\u00bbhttps:%2F%2Fdev.onospatremblant.com%2Fappointments%2F|\u00a0\u00bb][\/vc_column_inner][\/vc_row_inner][\/vc_column][vc_column width=\u00a0\u00bb1\/6&Prime;][\/vc_column][\/vc_row][vc_row content_placement=\u00a0\u00bbmiddle\u00a0\u00bb...","og_url":"https:\/\/dev.onospatremblant.com\/fr\/soins-du-visage\/facial-standard\/","og_site_name":"DEV Ono Spa Tremblant","article_publisher":"https:\/\/www.facebook.com\/onospatremblant","article_modified_time":"2023-06-25T19:31:07+00:00","og_image":[{"width":1200,"height":800,"url":"https:\/\/dev.onospatremblant.com\/wp-content\/uploads\/2022\/07\/CAD_HP_SpaFacial_5.jpg","type":"image\/jpeg"}],"twitter_card":"summary_large_image","twitter_misc":{"Dur\u00e9e de lecture estim\u00e9e":"2 minutes"},"schema":{"@context":"https:\/\/schema.org","@graph":[{"@type":"WebPage","@id":"https:\/\/dev.onospatremblant.com\/fr\/soins-du-visage\/facial-standard\/","url":"https:\/\/dev.onospatremblant.com\/fr\/soins-du-visage\/facial-standard\/","name":"Sain du Visage Decouverte | DEV Ono Spa Tremblant","isPartOf":{"@id":"https:\/\/dev.onospatremblant.com\/fr\/#website"},"primaryImageOfPage":{"@id":"https:\/\/dev.onospatremblant.com\/fr\/soins-du-visage\/facial-standard\/#primaryimage"},"image":{"@id":"https:\/\/dev.onospatremblant.com\/fr\/soins-du-visage\/facial-standard\/#primaryimage"},"thumbnailUrl":"https:\/\/i0.wp.com\/dev.onospatremblant.com\/wp-content\/uploads\/2022\/07\/CAD_HP_SpaFacial_5.jpg?fit=1200%2C800&ssl=1","datePublished":"2019-10-13T21:25:20+00:00","dateModified":"2023-06-25T19:31:07+00:00","breadcrumb":{"@id":"https:\/\/dev.onospatremblant.com\/fr\/soins-du-visage\/facial-standard\/#breadcrumb"},"inLanguage":"fr-FR","potentialAction":[{"@type":"ReadAction","target":["https:\/\/dev.onospatremblant.com\/fr\/soins-du-visage\/facial-standard\/"]}]},{"@type":"ImageObject","inLanguage":"fr-FR","@id":"https:\/\/dev.onospatremblant.com\/fr\/soins-du-visage\/facial-standard\/#primaryimage","url":"https:\/\/i0.wp.com\/dev.onospatremblant.com\/wp-content\/uploads\/2022\/07\/CAD_HP_SpaFacial_5.jpg?fit=1200%2C800&ssl=1","contentUrl":"https:\/\/i0.wp.com\/dev.onospatremblant.com\/wp-content\/uploads\/2022\/07\/CAD_HP_SpaFacial_5.jpg?fit=1200%2C800&ssl=1","width":1200,"height":800,"caption":"Soin du Visage Classique"},{"@type":"BreadcrumbList","@id":"https:\/\/dev.onospatremblant.com\/fr\/soins-du-visage\/facial-standard\/#breadcrumb","itemListElement":[{"@type":"ListItem","position":1,"name":"Home","item":"https:\/\/dev.onospatremblant.com\/fr\/accueil\/"},{"@type":"ListItem","position":2,"name":"Soins du visage","item":"https:\/\/dev.onospatremblant.com\/fr\/soins-du-visage\/"},{"@type":"ListItem","position":3,"name":"Sain du Visage Decouverte"}]},{"@type":"WebSite","@id":"https:\/\/dev.onospatremblant.com\/fr\/#website","url":"https:\/\/dev.onospatremblant.com\/fr\/","name":"DEV Ono Spa Tremblant","description":"","publisher":{"@id":"https:\/\/dev.onospatremblant.com\/fr\/#organization"},"potentialAction":[{"@type":"SearchAction","target":{"@type":"EntryPoint","urlTemplate":"https:\/\/dev.onospatremblant.com\/fr\/?s={search_term_string}"},"query-input":{"@type":"PropertyValueSpecification","valueRequired":true,"valueName":"search_term_string"}}],"inLanguage":"fr-FR"},{"@type":"Organization","@id":"https:\/\/dev.onospatremblant.com\/fr\/#organization","name":"Ono Spa in Mont Tremblant","url":"https:\/\/dev.onospatremblant.com\/fr\/","logo":{"@type":"ImageObject","inLanguage":"fr-FR","@id":"https:\/\/dev.onospatremblant.com\/fr\/#\/schema\/logo\/image\/","url":"https:\/\/i0.wp.com\/onospatremblant.com\/wp-content\/uploads\/2020\/08\/Ono-Spa_Bel-Air-Tremblant150.png?fit=150%2C98&ssl=1","contentUrl":"https:\/\/i0.wp.com\/onospatremblant.com\/wp-content\/uploads\/2020\/08\/Ono-Spa_Bel-Air-Tremblant150.png?fit=150%2C98&ssl=1","width":150,"height":98,"caption":"Ono Spa in Mont Tremblant"},"image":{"@id":"https:\/\/dev.onospatremblant.com\/fr\/#\/schema\/logo\/image\/"},"sameAs":["https:\/\/www.facebook.com\/onospatremblant","https:\/\/www.instagram.com\/onospa.wellnessbelair\/"]}]}},"jetpack_sharing_enabled":true,"_links":{"self":[{"href":"https:\/\/dev.onospatremblant.com\/fr\/wp-json\/wp\/v2\/pages\/4560","targetHints":{"allow":["GET"]}}],"collection":[{"href":"https:\/\/dev.onospatremblant.com\/fr\/wp-json\/wp\/v2\/pages"}],"about":[{"href":"https:\/\/dev.onospatremblant.com\/fr\/wp-json\/wp\/v2\/types\/page"}],"author":[{"embeddable":true,"href":"https:\/\/dev.onospatremblant.com\/fr\/wp-json\/wp\/v2\/users\/2"}],"replies":[{"embeddable":true,"href":"https:\/\/dev.onospatremblant.com\/fr\/wp-json\/wp\/v2\/comments?post=4560"}],"version-history":[{"count":18,"href":"https:\/\/dev.onospatremblant.com\/fr\/wp-json\/wp\/v2\/pages\/4560\/revisions"}],"predecessor-version":[{"id":5754,"href":"https:\/\/dev.onospatremblant.com\/fr\/wp-json\/wp\/v2\/pages\/4560\/revisions\/5754"}],"up":[{"embeddable":true,"href":"https:\/\/dev.onospatremblant.com\/fr\/wp-json\/wp\/v2\/pages\/4553"}],"wp:featuredmedia":[{"embeddable":true,"href":"https:\/\/dev.onospatremblant.com\/fr\/wp-json\/wp\/v2\/media\/5036"}],"wp:attachment":[{"href":"https:\/\/dev.onospatremblant.com\/fr\/wp-json\/wp\/v2\/media?parent=4560"}],"curies":[{"name":"wp","href":"https:\/\/api.w.org\/{rel}","templated":true}]}}